{"id":635,"date":"2021-10-01T11:29:57","date_gmt":"2021-10-01T11:29:57","guid":{"rendered":"https:\/\/centremedicodentairedeluxembourg.lu\/nomeacao\/"},"modified":"2021-10-01T14:43:28","modified_gmt":"2021-10-01T14:43:28","slug":"nomeacao","status":"publish","type":"page","link":"https:\/\/centremedicodentairedeluxembourg.lu\/pt-pt\/nomeacao\/","title":{"rendered":"Nomea\u00e7\u00e3o"},"content":{"rendered":"<p>[et_pb_section fb_built=&#8221;1&#8243; _builder_version=&#8221;4.6.5&#8243; _module_preset=&#8221;default&#8221; use_background_color_gradient=&#8221;on&#8221; background_color_gradient_start=&#8221;#ffffff&#8221; background_color_gradient_end=&#8221;#f2f4fb&#8221; background_color_gradient_direction=&#8221;0deg&#8221; background_color_gradient_start_position=&#8221;50%&#8221; background_color_gradient_end_position=&#8221;50%&#8221;][et_pb_row _builder_version=&#8221;4.6.5&#8243; _module_preset=&#8221;default&#8221; width=&#8221;95%&#8221;][et_pb_column type=&#8221;4_4&#8243; _builder_version=&#8221;4.6.5&#8243; _module_preset=&#8221;default&#8221;][et_pb_text _builder_version=&#8221;4.6.5&#8243; header_font=&#8221;Poppins|600|||||||&#8221; header_font_size=&#8221;64px&#8221; header_line_height=&#8221;1.2em&#8221; header_2_font=&#8221;||||||||&#8221; width=&#8221;90%&#8221; custom_margin=&#8221;||50px||false|false&#8221; custom_margin_tablet=&#8221;||10px&#8221; custom_margin_phone=&#8221;&#8221; custom_margin_last_edited=&#8221;on|desktop&#8221; header_font_size_tablet=&#8221;48px&#8221; header_font_size_phone=&#8221;32px&#8221; header_font_size_last_edited=&#8221;on|desktop&#8221; locked=&#8221;off&#8221;]<\/p>\n<h1>Marque uma consulta online<br \/> com a Doctena<\/h1>\n<p>[\/et_pb_text][et_pb_code _builder_version=&#8221;4.7.4&#8243; _module_preset=&#8221;default&#8221; min_height=&#8221;500px&#8221; custom_margin=&#8221;||50px||false|false&#8221;]<iframe src=\"https:\/\/booking-app.doctena.com\/fr\/practice\/e327963d-0b97-41e5-a9f9-0bbf758be698\" style=\"min-height: 500px; border: 0; min-width:100%; width:1px;\" scrolling=\"no\"><\/div>\n<p><\/iframe>[\/et_pb_code][\/et_pb_column][\/et_pb_row][\/et_pb_section][et_pb_section fb_built=&#8221;1&#8243; admin_label=&#8221;Footer&#8221; _builder_version=&#8221;3.25.1&#8243; background_color=&#8221;#182845&#8243; width=&#8221;90%&#8221; module_alignment=&#8221;right&#8221; custom_padding=&#8221;|10vw|0px|||&#8221; saved_tabs=&#8221;all&#8221; collapsed=&#8221;off&#8221;][et_pb_row _builder_version=&#8221;3.25.1&#8243;][et_pb_column type=&#8221;4_4&#8243; _builder_version=&#8221;3.25.1&#8243;][et_pb_text _builder_version=&#8221;4.6.5&#8243; text_font=&#8221;||||||||&#8221; header_font=&#8221;||||||||&#8221; header_2_font=&#8221;Poppins|600|||||||&#8221; header_2_font_size=&#8221;48px&#8221; header_2_line_height=&#8221;1.3em&#8221; header_4_font=&#8221;Poppins|600||on|||||&#8221; header_4_text_color=&#8221;rgba(255,255,255,0.4)&#8221; header_4_font_size=&#8221;11px&#8221; header_4_letter_spacing=&#8221;2px&#8221; header_4_line_height=&#8221;1.6em&#8221; background_layout=&#8221;dark&#8221; header_2_font_size_tablet=&#8221;32px&#8221; header_2_font_size_phone=&#8221;22px&#8221; header_2_font_size_last_edited=&#8221;on|phone&#8221; locked=&#8221;off&#8221;]<\/p>\n<h4>ADULTOS E CRIAN\u00c7AS<\/h4>\n<h2>Tratamentos de qualidade para todos<\/h2>\n<p>[\/et_pb_text][\/et_pb_column][\/et_pb_row][\/et_pb_section][et_pb_section fb_built=&#8221;1&#8243; specialty=&#8221;on&#8221; custom_padding_last_edited=&#8221;on|desktop&#8221; padding_bottom_2=&#8221;60px&#8221; admin_label=&#8221;Footer&#8221; _builder_version=&#8221;3.25.1&#8243; background_color=&#8221;#182845&#8243; width=&#8221;90%&#8221; module_alignment=&#8221;right&#8221; custom_padding=&#8221;0px|10vw|0px|||&#8221; custom_padding_tablet=&#8221;|0vw||&#8221; custom_padding_phone=&#8221;&#8221; saved_tabs=&#8221;all&#8221; locked=&#8221;off&#8221; collapsed=&#8221;off&#8221;][et_pb_column type=&#8221;1_2&#8243; _builder_version=&#8221;3.25&#8243; custom_padding=&#8221;|||&#8221; custom_padding__hover=&#8221;|||&#8221;][et_pb_image src=&#8221;https:\/\/centremedicodentairedeluxembourg.lu\/wp-content\/uploads\/2020\/10\/shutterstock_364820018.jpg&#8221; title_text=&#8221;shutterstock_364820018&#8243; align=&#8221;right&#8221; _builder_version=&#8221;4.6.5&#8243; custom_margin=&#8221;||0px|-20vw&#8221; locked=&#8221;off&#8221;][\/et_pb_image][et_pb_social_media_follow _builder_version=&#8221;4.6.5&#8243; background_color=&#8221;#114092&#8243; transform_translate=&#8221;0px|-100%&#8221; transform_translate_linked=&#8221;off&#8221; width=&#8221;64px&#8221; module_alignment=&#8221;right&#8221; custom_margin=&#8221;||-200px&#8221; custom_padding=&#8221;20px||20px||true&#8221;][et_pb_social_media_follow_network social_network=&#8221;facebook&#8221; _builder_version=&#8221;3.25.1&#8243; background_color=&#8221;rgba(0,0,0,0)&#8221; custom_margin=&#8221;0px|0px|0px|0px|true|true&#8221; custom_padding=&#8221;6px|16px|6px|16px|true|true&#8221; border_radii=&#8221;on|0px|0px|0px|0px&#8221; follow_button=&#8221;off&#8221; url_new_window=&#8221;on&#8221;]facebook[\/et_pb_social_media_follow_network][et_pb_social_media_follow_network social_network=&#8221;twitter&#8221; _builder_version=&#8221;3.25.1&#8243; background_color=&#8221;rgba(0,0,0,0)&#8221; custom_margin=&#8221;0px|0px|0px|0px|true|true&#8221; custom_padding=&#8221;6px|16px|6px|16px|true|true&#8221; border_radii=&#8221;on|0px|0px|0px|0px&#8221; follow_button=&#8221;off&#8221; url_new_window=&#8221;on&#8221;]twitter[\/et_pb_social_media_follow_network][et_pb_social_media_follow_network social_network=&#8221;instagram&#8221; _builder_version=&#8221;3.25.1&#8243; background_color=&#8221;rgba(0,0,0,0)&#8221; custom_margin=&#8221;0px|0px|0px|0px|true|true&#8221; custom_padding=&#8221;6px|16px|6px|16px|true|true&#8221; border_radii=&#8221;on|0px|0px|0px|0px&#8221; follow_button=&#8221;off&#8221; url_new_window=&#8221;on&#8221;]instagram[\/et_pb_social_media_follow_network][et_pb_social_media_follow_network social_network=&#8221;pinterest&#8221; _builder_version=&#8221;3.25.1&#8243; background_color=&#8221;rgba(0,0,0,0)&#8221; custom_margin=&#8221;0px|0px|0px|0px|true|true&#8221; custom_padding=&#8221;6px|16px|6px|16px|true|true&#8221; border_radii=&#8221;on|0px|0px|0px|0px&#8221; follow_button=&#8221;off&#8221; url_new_window=&#8221;on&#8221;]pinterest[\/et_pb_social_media_follow_network][\/et_pb_social_media_follow][\/et_pb_column][et_pb_column type=&#8221;1_2&#8243; specialty_columns=&#8221;2&#8243; _builder_version=&#8221;3.25&#8243; custom_padding=&#8221;|||&#8221; custom_padding__hover=&#8221;|||&#8221;][et_pb_row_inner _builder_version=&#8221;3.25.1&#8243;][et_pb_column_inner saved_specialty_column_type=&#8221;1_2&#8243; _builder_version=&#8221;3.25.1&#8243;][et_pb_text _builder_version=&#8221;4.6.5&#8243; _module_preset=&#8221;default&#8221; text_font=&#8221;Poppins||||||||&#8221; text_text_color=&#8221;#ffffff&#8221; text_font_size=&#8221;16px&#8221;]<\/p>\n<p>A nossa principal preocupa\u00e7\u00e3o \u00e9 a sua sa\u00fade e a sua higiene oral e dent\u00e1ria.<\/p>\n<p>\u00c9 por isso que reunimos uma equipa de dentistas experientes. Cada membro da nossa equipa tem a sua pr\u00f3pria especializa\u00e7\u00e3o. <\/p>\n<p>Ligue para o Centro M\u00e9dico Dent\u00e1rio do Luxemburgo e marque uma consulta hoje.<\/p>\n<p>[\/et_pb_text][et_pb_blurb title=&#8221;TELEFONE&#8221; use_icon=&#8221;on&#8221; font_icon=&#8221;%%104%%&#8221; icon_color=&#8221;#ffffff&#8221; use_circle=&#8221;on&#8221; circle_color=&#8221;#114092&#8243; icon_placement=&#8221;left&#8221; content_max_width=&#8221;1100px&#8221; use_icon_font_size=&#8221;on&#8221; icon_font_size=&#8221;16px&#8221; _builder_version=&#8221;4.6.5&#8243; header_font=&#8221;Poppins|600||on|||||&#8221; header_text_color=&#8221;rgba(255,255,255,0.4)&#8221; header_font_size=&#8221;11px&#8221; header_letter_spacing=&#8221;2px&#8221; header_line_height=&#8221;1.6em&#8221; body_font=&#8221;Poppins||||||||&#8221; body_font_size=&#8221;16px&#8221; body_letter_spacing=&#8221;1px&#8221; background_layout=&#8221;dark&#8221; custom_margin=&#8221;||&#8221; custom_padding=&#8221;20px|20px|20px|20px|true|true&#8221; border_width_all=&#8221;1px&#8221; border_color_all=&#8221;rgba(255,255,255,0.12)&#8221; locked=&#8221;off&#8221;]+352 49 57 99[\/et_pb_blurb][et_pb_blurb title=&#8221;E-MAIL&#8221; use_icon=&#8221;on&#8221; font_icon=&#8221;%%109%%&#8221; icon_color=&#8221;#ffffff&#8221; use_circle=&#8221;on&#8221; circle_color=&#8221;#114092&#8243; icon_placement=&#8221;left&#8221; content_max_width=&#8221;1100px&#8221; use_icon_font_size=&#8221;on&#8221; icon_font_size=&#8221;16px&#8221; _builder_version=&#8221;4.6.5&#8243; header_font=&#8221;Poppins|600||on|||||&#8221; header_text_color=&#8221;rgba(255,255,255,0.4)&#8221; header_font_size=&#8221;11px&#8221; header_letter_spacing=&#8221;2px&#8221; header_line_height=&#8221;1.6em&#8221; body_font=&#8221;Poppins||||||||&#8221; body_font_size=&#8221;16px&#8221; body_letter_spacing=&#8221;1px&#8221; background_layout=&#8221;dark&#8221; custom_margin=&#8221;||&#8221; custom_padding=&#8221;20px|20px|20px|20px|true|true&#8221; border_width_all=&#8221;1px&#8221; border_color_all=&#8221;rgba(255,255,255,0.12)&#8221; locked=&#8221;off&#8221;]cabinetdentaire@tango.lu[\/et_pb_blurb][et_pb_blurb title=&#8221;MORADA&#8221; use_icon=&#8221;on&#8221; font_icon=&#8221;%%249%%&#8221; icon_color=&#8221;#ffffff&#8221; use_circle=&#8221;on&#8221; circle_color=&#8221;#114092&#8243; icon_placement=&#8221;left&#8221; content_max_width=&#8221;1100px&#8221; use_icon_font_size=&#8221;on&#8221; icon_font_size=&#8221;16px&#8221; _builder_version=&#8221;4.6.5&#8243; header_font=&#8221;Poppins|600||on|||||&#8221; header_text_color=&#8221;rgba(255,255,255,0.4)&#8221; header_font_size=&#8221;11px&#8221; header_letter_spacing=&#8221;2px&#8221; header_line_height=&#8221;1.6em&#8221; body_font=&#8221;Poppins||||||||&#8221; body_font_size=&#8221;16px&#8221; body_letter_spacing=&#8221;1px&#8221; background_layout=&#8221;dark&#8221; custom_margin=&#8221;||&#8221; custom_padding=&#8221;20px|20px|20px|20px|true|true&#8221; border_width_all=&#8221;1px&#8221; border_color_all=&#8221;rgba(255,255,255,0.12)&#8221; locked=&#8221;off&#8221;]<\/p>\n<p>Rue de Bonnevoie 7A &#8211; 1260 Luxemburgo<\/p>\n<p>[\/et_pb_blurb][\/et_pb_column_inner][\/et_pb_row_inner][et_pb_row_inner column_structure=&#8221;1_2,1_2&#8243; _builder_version=&#8221;3.25.1&#8243; custom_margin=&#8221;30px||&#8221; custom_padding=&#8221;18px||18px||true|&#8221; border_color_all=&#8221;rgba(255,255,255,0.12)&#8221; border_style_all=&#8221;dotted&#8221; border_width_bottom=&#8221;1px&#8221;][et_pb_column_inner type=&#8221;1_2&#8243; saved_specialty_column_type=&#8221;1_2&#8243; _builder_version=&#8221;3.25.1&#8243;][et_pb_text _builder_version=&#8221;4.6.5&#8243; text_font=&#8221;Poppins||||||||&#8221; text_text_color=&#8221;rgba(255,255,255,0.4)&#8221; text_font_size=&#8221;16px&#8221; background_layout=&#8221;dark&#8221;]<\/p>\n<p>Segunda a domingo<\/p>\n<p>[\/et_pb_text][\/et_pb_column_inner][et_pb_column_inner type=&#8221;1_2&#8243; saved_specialty_column_type=&#8221;1_2&#8243; _builder_version=&#8221;3.25.1&#8243;][et_pb_text _builder_version=&#8221;4.6.5&#8243; text_font=&#8221;Poppins||||||||&#8221; text_font_size=&#8221;16px&#8221; text_orientation=&#8221;right&#8221; background_layout=&#8221;dark&#8221; text_text_align=&#8221;right&#8221; locked=&#8221;off&#8221; text_text_align_phone=&#8221;left&#8221; text_text_align_last_edited=&#8221;on|phone&#8221;]<\/p>\n<p>9:30 &#8211; 22:00<\/p>\n<p>[\/et_pb_text][\/et_pb_column_inner][\/et_pb_row_inner][\/et_pb_column][\/et_pb_section]<\/p>\n","protected":false},"excerpt":{"rendered":"<p>Marque uma consulta online com a DoctenaADULTOS E CRIAN\u00c7AS Tratamentos de qualidade para todosA nossa principal preocupa\u00e7\u00e3o \u00e9 a sua sa\u00fade e a sua higiene oral e dent\u00e1ria. \u00c9 por isso que reunimos uma equipa de dentistas experientes. Cada membro da nossa equipa tem a sua pr\u00f3pria especializa\u00e7\u00e3o. Ligue para o Centro M\u00e9dico Dent\u00e1rio do [&hellip;]<\/p>\n","protected":false},"author":1,"featured_media":0,"parent":0,"menu_order":0,"comment_status":"closed","ping_status":"closed","template":"","meta":{"_et_pb_use_builder":"on","_et_pb_old_content":"","_et_gb_content_width":"","footnotes":""},"class_list":["post-635","page","type-page","status-publish","hentry"],"yoast_head":"<!-- This site is optimized with the Yoast SEO plugin v27.4 - https:\/\/yoast.com\/product\/yoast-seo-wordpress\/ -->\n<title>Nomea\u00e7\u00e3o - Centre Medico Dentaire \u00e0 Luxembourg<\/title>\n<meta name=\"robots\" content=\"index, follow, max-snippet:-1, max-image-preview:large, max-video-preview:-1\" \/>\n<link rel=\"canonical\" href=\"https:\/\/centremedicodentairedeluxembourg.lu\/pt-pt\/nomeacao\/\" \/>\n<meta property=\"og:locale\" content=\"pt_PT\" \/>\n<meta property=\"og:type\" content=\"article\" \/>\n<meta property=\"og:title\" content=\"Nomea\u00e7\u00e3o - Centre Medico Dentaire \u00e0 Luxembourg\" \/>\n<meta property=\"og:description\" content=\"Marque uma consulta online com a DoctenaADULTOS E CRIAN\u00c7AS Tratamentos de qualidade para todosA nossa principal preocupa\u00e7\u00e3o \u00e9 a sua sa\u00fade e a sua higiene oral e dent\u00e1ria. \u00c9 por isso que reunimos uma equipa de dentistas experientes. Cada membro da nossa equipa tem a sua pr\u00f3pria especializa\u00e7\u00e3o. Ligue para o Centro M\u00e9dico Dent\u00e1rio do [&hellip;]\" \/>\n<meta property=\"og:url\" content=\"https:\/\/centremedicodentairedeluxembourg.lu\/pt-pt\/nomeacao\/\" \/>\n<meta property=\"og:site_name\" content=\"Centre Medico Dentaire \u00e0 Luxembourg\" \/>\n<meta property=\"article:modified_time\" content=\"2021-10-01T14:43:28+00:00\" \/>\n<meta name=\"twitter:card\" content=\"summary_large_image\" \/>\n<meta name=\"twitter:label1\" content=\"Tempo estimado de leitura\" \/>\n\t<meta name=\"twitter:data1\" content=\"6 minutos\" \/>\n<script type=\"application\/ld+json\" class=\"yoast-schema-graph\">{\"@context\":\"https:\\\/\\\/schema.org\",\"@graph\":[{\"@type\":\"WebPage\",\"@id\":\"https:\\\/\\\/centremedicodentairedeluxembourg.lu\\\/pt-pt\\\/nomeacao\\\/\",\"url\":\"https:\\\/\\\/centremedicodentairedeluxembourg.lu\\\/pt-pt\\\/nomeacao\\\/\",\"name\":\"Nomea\u00e7\u00e3o - Centre Medico Dentaire \u00e0 Luxembourg\",\"isPartOf\":{\"@id\":\"https:\\\/\\\/centremedicodentairedeluxembourg.lu\\\/pt-pt\\\/#website\"},\"datePublished\":\"2021-10-01T11:29:57+00:00\",\"dateModified\":\"2021-10-01T14:43:28+00:00\",\"breadcrumb\":{\"@id\":\"https:\\\/\\\/centremedicodentairedeluxembourg.lu\\\/pt-pt\\\/nomeacao\\\/#breadcrumb\"},\"inLanguage\":\"pt-PT\",\"potentialAction\":[{\"@type\":\"ReadAction\",\"target\":[\"https:\\\/\\\/centremedicodentairedeluxembourg.lu\\\/pt-pt\\\/nomeacao\\\/\"]}]},{\"@type\":\"BreadcrumbList\",\"@id\":\"https:\\\/\\\/centremedicodentairedeluxembourg.lu\\\/pt-pt\\\/nomeacao\\\/#breadcrumb\",\"itemListElement\":[{\"@type\":\"ListItem\",\"position\":1,\"name\":\"Accueil\",\"item\":\"https:\\\/\\\/centremedicodentairedeluxembourg.lu\\\/pt-pt\\\/\"},{\"@type\":\"ListItem\",\"position\":2,\"name\":\"Nomea\u00e7\u00e3o\"}]},{\"@type\":\"WebSite\",\"@id\":\"https:\\\/\\\/centremedicodentairedeluxembourg.lu\\\/pt-pt\\\/#website\",\"url\":\"https:\\\/\\\/centremedicodentairedeluxembourg.lu\\\/pt-pt\\\/\",\"name\":\"Centre Medico Dentaire \u00e0 Luxembourg\",\"description\":\"\",\"potentialAction\":[{\"@type\":\"SearchAction\",\"target\":{\"@type\":\"EntryPoint\",\"urlTemplate\":\"https:\\\/\\\/centremedicodentairedeluxembourg.lu\\\/pt-pt\\\/?s={search_term_string}\"},\"query-input\":{\"@type\":\"PropertyValueSpecification\",\"valueRequired\":true,\"valueName\":\"search_term_string\"}}],\"inLanguage\":\"pt-PT\"}]}<\/script>\n<!-- \/ Yoast SEO plugin. -->","yoast_head_json":{"title":"Nomea\u00e7\u00e3o - Centre Medico Dentaire \u00e0 Luxembourg","robots":{"index":"index","follow":"follow","max-snippet":"max-snippet:-1","max-image-preview":"max-image-preview:large","max-video-preview":"max-video-preview:-1"},"canonical":"https:\/\/centremedicodentairedeluxembourg.lu\/pt-pt\/nomeacao\/","og_locale":"pt_PT","og_type":"article","og_title":"Nomea\u00e7\u00e3o - Centre Medico Dentaire \u00e0 Luxembourg","og_description":"Marque uma consulta online com a DoctenaADULTOS E CRIAN\u00c7AS Tratamentos de qualidade para todosA nossa principal preocupa\u00e7\u00e3o \u00e9 a sua sa\u00fade e a sua higiene oral e dent\u00e1ria. \u00c9 por isso que reunimos uma equipa de dentistas experientes. Cada membro da nossa equipa tem a sua pr\u00f3pria especializa\u00e7\u00e3o. Ligue para o Centro M\u00e9dico Dent\u00e1rio do [&hellip;]","og_url":"https:\/\/centremedicodentairedeluxembourg.lu\/pt-pt\/nomeacao\/","og_site_name":"Centre Medico Dentaire \u00e0 Luxembourg","article_modified_time":"2021-10-01T14:43:28+00:00","twitter_card":"summary_large_image","twitter_misc":{"Tempo estimado de leitura":"6 minutos"},"schema":{"@context":"https:\/\/schema.org","@graph":[{"@type":"WebPage","@id":"https:\/\/centremedicodentairedeluxembourg.lu\/pt-pt\/nomeacao\/","url":"https:\/\/centremedicodentairedeluxembourg.lu\/pt-pt\/nomeacao\/","name":"Nomea\u00e7\u00e3o - Centre Medico Dentaire \u00e0 Luxembourg","isPartOf":{"@id":"https:\/\/centremedicodentairedeluxembourg.lu\/pt-pt\/#website"},"datePublished":"2021-10-01T11:29:57+00:00","dateModified":"2021-10-01T14:43:28+00:00","breadcrumb":{"@id":"https:\/\/centremedicodentairedeluxembourg.lu\/pt-pt\/nomeacao\/#breadcrumb"},"inLanguage":"pt-PT","potentialAction":[{"@type":"ReadAction","target":["https:\/\/centremedicodentairedeluxembourg.lu\/pt-pt\/nomeacao\/"]}]},{"@type":"BreadcrumbList","@id":"https:\/\/centremedicodentairedeluxembourg.lu\/pt-pt\/nomeacao\/#breadcrumb","itemListElement":[{"@type":"ListItem","position":1,"name":"Accueil","item":"https:\/\/centremedicodentairedeluxembourg.lu\/pt-pt\/"},{"@type":"ListItem","position":2,"name":"Nomea\u00e7\u00e3o"}]},{"@type":"WebSite","@id":"https:\/\/centremedicodentairedeluxembourg.lu\/pt-pt\/#website","url":"https:\/\/centremedicodentairedeluxembourg.lu\/pt-pt\/","name":"Centre Medico Dentaire \u00e0 Luxembourg","description":"","potentialAction":[{"@type":"SearchAction","target":{"@type":"EntryPoint","urlTemplate":"https:\/\/centremedicodentairedeluxembourg.lu\/pt-pt\/?s={search_term_string}"},"query-input":{"@type":"PropertyValueSpecification","valueRequired":true,"valueName":"search_term_string"}}],"inLanguage":"pt-PT"}]}},"_links":{"self":[{"href":"https:\/\/centremedicodentairedeluxembourg.lu\/pt-pt\/wp-json\/wp\/v2\/pages\/635","targetHints":{"allow":["GET"]}}],"collection":[{"href":"https:\/\/centremedicodentairedeluxembourg.lu\/pt-pt\/wp-json\/wp\/v2\/pages"}],"about":[{"href":"https:\/\/centremedicodentairedeluxembourg.lu\/pt-pt\/wp-json\/wp\/v2\/types\/page"}],"author":[{"embeddable":true,"href":"https:\/\/centremedicodentairedeluxembourg.lu\/pt-pt\/wp-json\/wp\/v2\/users\/1"}],"replies":[{"embeddable":true,"href":"https:\/\/centremedicodentairedeluxembourg.lu\/pt-pt\/wp-json\/wp\/v2\/comments?post=635"}],"version-history":[{"count":8,"href":"https:\/\/centremedicodentairedeluxembourg.lu\/pt-pt\/wp-json\/wp\/v2\/pages\/635\/revisions"}],"predecessor-version":[{"id":707,"href":"https:\/\/centremedicodentairedeluxembourg.lu\/pt-pt\/wp-json\/wp\/v2\/pages\/635\/revisions\/707"}],"wp:attachment":[{"href":"https:\/\/centremedicodentairedeluxembourg.lu\/pt-pt\/wp-json\/wp\/v2\/media?parent=635"}],"curies":[{"name":"wp","href":"https:\/\/api.w.org\/{rel}","templated":true}]}}